{"id":1398,"date":"2021-07-11T22:49:29","date_gmt":"2021-07-11T22:49:29","guid":{"rendered":"https:\/\/fpeduca.cl\/?page_id=1398"},"modified":"2023-07-01T03:41:18","modified_gmt":"2023-07-01T03:41:18","slug":"colaboradores","status":"publish","type":"page","link":"https:\/\/fpeduca.cl\/index.php\/colaboradores\/","title":{"rendered":"COLABORADORES"},"content":{"rendered":"<table style=\"border-collapse: collapse; width: 100%;\">\n<tbody>\n<tr>\n<td style=\"width: 50%;\"><img loading=\"lazy\" decoding=\"async\" class=\"alignnone size-full wp-image-1819 aligncenter\" src=\"https:\/\/fpeduca.cl\/wp-content\/uploads\/2022\/10\/cropped-cropped-cropped-cropped-LOGONFPEDUCA-CUADRADA300-1.jpg\" alt=\"\" width=\"290\" height=\"290\" \/><\/td>\n<td style=\"width: 50%;\"><img loading=\"lazy\" decoding=\"async\" class=\"alignnone wp-image-1395 size-large\" src=\"https:\/\/fpeduca.cl\/wp-content\/uploads\/2021\/07\/ColaBoradorEs_Roberto-1024x667.jpg\" alt=\"\" width=\"640\" height=\"417\" srcset=\"https:\/\/fpeduca.cl\/wp-content\/uploads\/2021\/07\/ColaBoradorEs_Roberto-1024x667.jpg 1024w, https:\/\/fpeduca.cl\/wp-content\/uploads\/2021\/07\/ColaBoradorEs_Roberto-300x196.jpg 300w, https:\/\/fpeduca.cl\/wp-content\/uploads\/2021\/07\/ColaBoradorEs_Roberto-768x501.jpg 768w, https:\/\/fpeduca.cl\/wp-content\/uploads\/2021\/07\/ColaBoradorEs_Roberto.jpg 1114w\" sizes=\"auto, (max-width: 640px) 100vw, 640px\" \/><\/td>\n<\/tr>\n<\/tbody>\n<\/table>\n<table style=\"border-collapse: collapse; width: 100%; height: 961px;\">\n<tbody>\n<tr style=\"height: 330px;\">\n<td style=\"width: 50%; height: 330px;\">\n<p style=\"text-align: center;\"><img loading=\"lazy\" decoding=\"async\" class=\"aligncenter wp-image-1397 size-large\" src=\"https:\/\/fpeduca.cl\/wp-content\/uploads\/2021\/07\/ColaBoradorEs_NICOLEPeque-1024x667.jpg\" alt=\"\" width=\"640\" height=\"417\" srcset=\"https:\/\/fpeduca.cl\/wp-content\/uploads\/2021\/07\/ColaBoradorEs_NICOLEPeque-1024x667.jpg 1024w, https:\/\/fpeduca.cl\/wp-content\/uploads\/2021\/07\/ColaBoradorEs_NICOLEPeque-300x196.jpg 300w, https:\/\/fpeduca.cl\/wp-content\/uploads\/2021\/07\/ColaBoradorEs_NICOLEPeque-768x501.jpg 768w, https:\/\/fpeduca.cl\/wp-content\/uploads\/2021\/07\/ColaBoradorEs_NICOLEPeque.jpg 1114w\" sizes=\"auto, (max-width: 640px) 100vw, 640px\" \/><\/p>\n<p style=\"text-align: center;\">MATEM\u00c1TICAS Y CIENCIAS<\/p>\n<\/td>\n<td style=\"width: 50%; height: 330px;\">\n<p style=\"text-align: center;\"><img loading=\"lazy\" decoding=\"async\" class=\"aligncenter wp-image-1709 size-full\" src=\"https:\/\/fpeduca.cl\/wp-content\/uploads\/2022\/10\/ColaBoradorEs_pequeMichael.jpg\" alt=\"\" width=\"1114\" height=\"726\" srcset=\"https:\/\/fpeduca.cl\/wp-content\/uploads\/2022\/10\/ColaBoradorEs_pequeMichael.jpg 1114w, https:\/\/fpeduca.cl\/wp-content\/uploads\/2022\/10\/ColaBoradorEs_pequeMichael-768x501.jpg 768w\" sizes=\"auto, (max-width: 1114px) 100vw, 1114px\" \/><\/p>\n<p style=\"text-align: center;\">PREVENCI\u00d3N DE RIESGOS Y CONSTRUCCI\u00d3N<\/p>\n<\/td>\n<\/tr>\n<tr style=\"height: 330px;\">\n<td style=\"width: 50%; height: 330px;\">\n<p style=\"text-align: center;\"><img loading=\"lazy\" decoding=\"async\" class=\"aligncenter wp-image-1479 size-full\" src=\"https:\/\/fpeduca.cl\/wp-content\/uploads\/2021\/08\/ColaBoradorEs_Gmo.jpg\" alt=\"\" width=\"1114\" height=\"726\" srcset=\"https:\/\/fpeduca.cl\/wp-content\/uploads\/2021\/08\/ColaBoradorEs_Gmo.jpg 1114w, https:\/\/fpeduca.cl\/wp-content\/uploads\/2021\/08\/ColaBoradorEs_Gmo-768x501.jpg 768w\" sizes=\"auto, (max-width: 1114px) 100vw, 1114px\" \/><\/p>\n<p style=\"text-align: center;\">GEOLOG\u00cdA Y CIENCIAS<\/p>\n<\/td>\n<td style=\"width: 50%; height: 330px;\"><img loading=\"lazy\" decoding=\"async\" class=\"aligncenter wp-image-1394 size-large\" src=\"https:\/\/fpeduca.cl\/wp-content\/uploads\/2021\/07\/ColaBoradorEs_Peque-1024x667.jpg\" alt=\"\" width=\"640\" height=\"417\" srcset=\"https:\/\/fpeduca.cl\/wp-content\/uploads\/2021\/07\/ColaBoradorEs_Peque-1024x667.jpg 1024w, https:\/\/fpeduca.cl\/wp-content\/uploads\/2021\/07\/ColaBoradorEs_Peque-300x196.jpg 300w, https:\/\/fpeduca.cl\/wp-content\/uploads\/2021\/07\/ColaBoradorEs_Peque-768x501.jpg 768w, https:\/\/fpeduca.cl\/wp-content\/uploads\/2021\/07\/ColaBoradorEs_Peque.jpg 1114w\" sizes=\"auto, (max-width: 640px) 100vw, 640px\" \/><\/p>\n<p style=\"text-align: center;\">HISTORIA Y CIENCIAS<\/p>\n<\/td>\n<\/tr>\n<tr style=\"height: 301px;\">\n<td style=\"width: 50%; height: 301px;\"><img loading=\"lazy\" decoding=\"async\" class=\"alignnone wp-image-1405 size-full\" src=\"https:\/\/fpeduca.cl\/wp-content\/uploads\/2021\/07\/ColaBoradorEs_Rebeca.jpg\" alt=\"\" width=\"1114\" height=\"726\" srcset=\"https:\/\/fpeduca.cl\/wp-content\/uploads\/2021\/07\/ColaBoradorEs_Rebeca.jpg 1114w, https:\/\/fpeduca.cl\/wp-content\/uploads\/2021\/07\/ColaBoradorEs_Rebeca-560x365.jpg 560w, https:\/\/fpeduca.cl\/wp-content\/uploads\/2021\/07\/ColaBoradorEs_Rebeca-840x547.jpg 840w, https:\/\/fpeduca.cl\/wp-content\/uploads\/2021\/07\/ColaBoradorEs_Rebeca-768x501.jpg 768w\" sizes=\"auto, (max-width: 1114px) 100vw, 1114px\" \/><\/p>\n<p style=\"text-align: center;\">ARTE Y LENGUAJE<\/p>\n<\/td>\n<td style=\"width: 50%; height: 301px;\"><img loading=\"lazy\" decoding=\"async\" class=\"aligncenter wp-image-1396 size-large\" src=\"https:\/\/fpeduca.cl\/wp-content\/uploads\/2021\/07\/ColaBoradorEs_Miguel_Base-1024x667.jpg\" alt=\"\" width=\"640\" height=\"417\" srcset=\"https:\/\/fpeduca.cl\/wp-content\/uploads\/2021\/07\/ColaBoradorEs_Miguel_Base-1024x667.jpg 1024w, https:\/\/fpeduca.cl\/wp-content\/uploads\/2021\/07\/ColaBoradorEs_Miguel_Base-300x196.jpg 300w, https:\/\/fpeduca.cl\/wp-content\/uploads\/2021\/07\/ColaBoradorEs_Miguel_Base-768x501.jpg 768w, https:\/\/fpeduca.cl\/wp-content\/uploads\/2021\/07\/ColaBoradorEs_Miguel_Base.jpg 1114w\" sizes=\"auto, (max-width: 640px) 100vw, 640px\" \/><\/p>\n<p style=\"text-align: center;\">HISTORIA Y GEOGRAF\u00cdA<\/p>\n<\/td>\n<\/tr>\n<\/tbody>\n<\/table>\n<p style=\"text-align: center;\"><strong>EXPERIENCIA DE LOS COLABORADORES<\/strong><\/p>\n<table style=\"border-collapse: collapse; width: 100%; height: 359px;\">\n<tbody>\n<tr style=\"height: 313px;\">\n<td style=\"width: 50%; height: 359px;\">\n<p style=\"text-align: center;\"><img loading=\"lazy\" decoding=\"async\" class=\"alignnone wp-image-1735 size-full\" src=\"https:\/\/fpeduca.cl\/wp-content\/uploads\/2022\/10\/eXPERIENCIA_Nicole-scaled.jpg\" alt=\"\" width=\"2267\" height=\"2560\" srcset=\"https:\/\/fpeduca.cl\/wp-content\/uploads\/2022\/10\/eXPERIENCIA_Nicole-scaled.jpg 2267w, https:\/\/fpeduca.cl\/wp-content\/uploads\/2022\/10\/eXPERIENCIA_Nicole-768x867.jpg 768w, https:\/\/fpeduca.cl\/wp-content\/uploads\/2022\/10\/eXPERIENCIA_Nicole-1360x1536.jpg 1360w, https:\/\/fpeduca.cl\/wp-content\/uploads\/2022\/10\/eXPERIENCIA_Nicole-1814x2048.jpg 1814w\" sizes=\"auto, (max-width: 2267px) 100vw, 2267px\" \/><\/p>\n<\/td>\n<td style=\"width: 50%; height: 359px;\"><img loading=\"lazy\" decoding=\"async\" class=\"alignnone wp-image-1737 size-full\" src=\"https:\/\/fpeduca.cl\/wp-content\/uploads\/2022\/10\/eXPERIENCIA_Michael-scaled.jpg\" alt=\"\" width=\"2267\" height=\"2560\" srcset=\"https:\/\/fpeduca.cl\/wp-content\/uploads\/2022\/10\/eXPERIENCIA_Michael-scaled.jpg 2267w, https:\/\/fpeduca.cl\/wp-content\/uploads\/2022\/10\/eXPERIENCIA_Michael-768x867.jpg 768w, https:\/\/fpeduca.cl\/wp-content\/uploads\/2022\/10\/eXPERIENCIA_Michael-1360x1536.jpg 1360w, https:\/\/fpeduca.cl\/wp-content\/uploads\/2022\/10\/eXPERIENCIA_Michael-1814x2048.jpg 1814w\" sizes=\"auto, (max-width: 2267px) 100vw, 2267px\" \/><\/td>\n<\/tr>\n<\/tbody>\n<\/table>\n<table style=\"border-collapse: collapse; width: 100%;\">\n<tbody>\n<tr>\n<td style=\"width: 50%;\"><img loading=\"lazy\" decoding=\"async\" class=\"alignnone wp-image-1745 size-full\" src=\"https:\/\/fpeduca.cl\/wp-content\/uploads\/2022\/10\/eXPERIENCIA_gUILLERMO-scaled.jpg\" alt=\"\" width=\"2267\" height=\"2560\" srcset=\"https:\/\/fpeduca.cl\/wp-content\/uploads\/2022\/10\/eXPERIENCIA_gUILLERMO-scaled.jpg 2267w, https:\/\/fpeduca.cl\/wp-content\/uploads\/2022\/10\/eXPERIENCIA_gUILLERMO-768x867.jpg 768w, https:\/\/fpeduca.cl\/wp-content\/uploads\/2022\/10\/eXPERIENCIA_gUILLERMO-1360x1536.jpg 1360w, https:\/\/fpeduca.cl\/wp-content\/uploads\/2022\/10\/eXPERIENCIA_gUILLERMO-1814x2048.jpg 1814w\" sizes=\"auto, (max-width: 2267px) 100vw, 2267px\" \/><\/td>\n<td style=\"width: 50%;\"><img loading=\"lazy\" decoding=\"async\" class=\"alignnone wp-image-1743 size-full\" src=\"https:\/\/fpeduca.cl\/wp-content\/uploads\/2022\/10\/eXPERIENCIA_Isadora_e-scaled.jpg\" alt=\"\" width=\"2267\" height=\"2560\" srcset=\"https:\/\/fpeduca.cl\/wp-content\/uploads\/2022\/10\/eXPERIENCIA_Isadora_e-scaled.jpg 2267w, https:\/\/fpeduca.cl\/wp-content\/uploads\/2022\/10\/eXPERIENCIA_Isadora_e-768x867.jpg 768w, https:\/\/fpeduca.cl\/wp-content\/uploads\/2022\/10\/eXPERIENCIA_Isadora_e-1360x1536.jpg 1360w, https:\/\/fpeduca.cl\/wp-content\/uploads\/2022\/10\/eXPERIENCIA_Isadora_e-1814x2048.jpg 1814w\" sizes=\"auto, (max-width: 2267px) 100vw, 2267px\" \/><\/td>\n<\/tr>\n<tr>\n<td style=\"width: 50%;\"><img loading=\"lazy\" decoding=\"async\" class=\"alignnone wp-image-1747 size-full\" src=\"https:\/\/fpeduca.cl\/wp-content\/uploads\/2022\/10\/eXPERIENCIA_Rebeca-scaled.jpg\" alt=\"\" width=\"2267\" height=\"2560\" srcset=\"https:\/\/fpeduca.cl\/wp-content\/uploads\/2022\/10\/eXPERIENCIA_Rebeca-scaled.jpg 2267w, https:\/\/fpeduca.cl\/wp-content\/uploads\/2022\/10\/eXPERIENCIA_Rebeca-768x867.jpg 768w, https:\/\/fpeduca.cl\/wp-content\/uploads\/2022\/10\/eXPERIENCIA_Rebeca-1360x1536.jpg 1360w, https:\/\/fpeduca.cl\/wp-content\/uploads\/2022\/10\/eXPERIENCIA_Rebeca-1814x2048.jpg 1814w\" sizes=\"auto, (max-width: 2267px) 100vw, 2267px\" \/><\/td>\n<td style=\"width: 50%;\"><\/td>\n<\/tr>\n<\/tbody>\n<\/table>\n","protected":false},"excerpt":{"rendered":"<p>MATEM\u00c1TICAS Y CIENCIAS PREVENCI\u00d3N DE RIESGOS Y CONSTRUCCI\u00d3N GEOLOG\u00cdA Y CIENCIAS HISTORIA Y CIENCIAS ARTE Y LENGUAJE HISTORIA Y GEOGRAF\u00cdA EXPERIENCIA DE LOS COLABORADORES<\/p>\n","protected":false},"author":1,"featured_media":1714,"parent":0,"menu_order":0,"comment_status":"closed","ping_status":"closed","template":"","meta":{"footnotes":""},"class_list":["post-1398","page","type-page","status-publish","has-post-thumbnail","hentry"],"_links":{"self":[{"href":"https:\/\/fpeduca.cl\/index.php\/wp-json\/wp\/v2\/pages\/1398","targetHints":{"allow":["GET"]}}],"collection":[{"href":"https:\/\/fpeduca.cl\/index.php\/wp-json\/wp\/v2\/pages"}],"about":[{"href":"https:\/\/fpeduca.cl\/index.php\/wp-json\/wp\/v2\/types\/page"}],"author":[{"embeddable":true,"href":"https:\/\/fpeduca.cl\/index.php\/wp-json\/wp\/v2\/users\/1"}],"replies":[{"embeddable":true,"href":"https:\/\/fpeduca.cl\/index.php\/wp-json\/wp\/v2\/comments?post=1398"}],"version-history":[{"count":14,"href":"https:\/\/fpeduca.cl\/index.php\/wp-json\/wp\/v2\/pages\/1398\/revisions"}],"predecessor-version":[{"id":1952,"href":"https:\/\/fpeduca.cl\/index.php\/wp-json\/wp\/v2\/pages\/1398\/revisions\/1952"}],"wp:featuredmedia":[{"embeddable":true,"href":"https:\/\/fpeduca.cl\/index.php\/wp-json\/wp\/v2\/media\/1714"}],"wp:attachment":[{"href":"https:\/\/fpeduca.cl\/index.php\/wp-json\/wp\/v2\/media?parent=1398"}],"curies":[{"name":"wp","href":"https:\/\/api.w.org\/{rel}","templated":true}]}}